{"id":12,"date":"2025-10-02T12:47:35","date_gmt":"2025-10-02T12:47:35","guid":{"rendered":"https:\/\/digitaliseer.com\/?page_id=12"},"modified":"2025-12-16T13:57:13","modified_gmt":"2025-12-16T12:57:13","slug":"service-en-garantie","status":"publish","type":"page","link":"https:\/\/digitaliseer.com\/index.php\/service-en-garantie\/","title":{"rendered":"Service en garantie"},"content":{"rendered":"\n<h2 class=\"wp-block-heading\">Onze garantie \u2013 Zekerheid bij Digitaliseer.com<\/h2>\n\n\n\n<p>Bij <strong>Digitaliseer.com<\/strong> begrijpen we dat je jouw films, videobanden en foto\u2019s met veel zorg aan ons toevertrouwt. Het gaat tenslotte om unieke en onvervangbare herinneringen. Daarom vinden wij het belangrijk dat je volledig op ons kunt rekenen.<\/p>\n\n\n\n<h3 class=\"wp-block-heading\">100% zorg voor jouw originele materiaal<\/h3>\n\n\n\n<ul class=\"wp-block-list\">\n<li>Jouw films en banden blijven altijd veilig in onze handen.<\/li>\n\n\n\n<li>We werken met schone, moderne apparatuur en behandelen ieder item met uiterste zorg.<\/li>\n\n\n\n<li>Je originele materiaal krijg je altijd netjes en onbeschadigd terug, en als je het niet terug wil zorgen wij voor een veilige vernietiging zonder schade voor het milieu (celluloid en ander 8 mm beeldmateriaal is chemisch afval).<\/li>\n<\/ul>\n\n\n\n<h3 class=\"wp-block-heading\">Kwaliteitsgarantie<\/h3>\n\n\n\n<ul class=\"wp-block-list\">\n<li>Wij leveren het <strong>beste haalbare resultaat<\/strong> uit jouw films of videobanden.<\/li>\n\n\n\n<li>Waar mogelijk corrigeren we kleur, helderheid en scherpte.<\/li>\n\n\n\n<li>Je ontvangt de bestanden in een <strong>duurzaam digitaal formaat<\/strong> (bijvoorbeeld MP4), zodat ze jaren meegaan.<\/li>\n<\/ul>\n\n\n\n<h3 class=\"wp-block-heading\">Niet goed? Wij kijken mee!<\/h3>\n\n\n\n<p>Ben je niet tevreden met het resultaat? Laat het ons weten. In overleg bekijken we altijd een passende oplossing \u2013 of dat nu een <strong>nieuwe digitalisering<\/strong>, een <strong>technische aanpassing<\/strong> of een andere vorm van compensatie is. Om daarvan zeker te zijn ontvang je altijd een gratis meekijk versie, voordat je het volledige bedrag betaalt.<\/p>\n\n\n\n<p>Ben je w\u00e9l tevreden Laat het ons dan vooral \u00f3\u00f3k weten!<\/p>\n\n\n\n<h3 class=\"wp-block-heading\">Transparantie en duidelijkheid<\/h3>\n\n\n\n<ul class=\"wp-block-list\">\n<li>Geen verborgen kosten: je weet vooraf wat de prijs is.<\/li>\n\n\n\n<li>Heldere communicatie over de voortgang van jouw project.<\/li>\n\n\n\n<li>Service op maat, afgestemd op jouw wensen.<\/li>\n<\/ul>\n\n\n\n<hr class=\"wp-block-separator has-alpha-channel-opacity\"\/>\n\n\n\n<p>Bij <strong>Digitaliseer.com<\/strong> staat vertrouwen centraal. Wij zorgen ervoor dat jouw herinneringen niet alleen behouden blijven, maar ook in de best mogelijke kwaliteit doorgegeven kunnen worden aan de volgende generatie. We zijn al meer dan 30 jaar een vertrouwde opnamestudio met veel kennis van audio- en video montage. En dat kan alleen als je kwaliteit verkiest boven prijs. Want de prijs is te betalen, maar de herinneringen die je vereeuwigt zijn onbetaalbaar.<\/p>\n\n\n\n<hr class=\"wp-block-separator has-alpha-channel-opacity\"\/>\n","protected":false},"excerpt":{"rendered":"<p>Onze garantie \u2013 Zekerheid bij Digitaliseer.com Bij Digitaliseer.com begrijpen we dat je jouw films, videobanden en foto\u2019s met veel zorg aan ons toevertrouwt. Het gaat tenslotte om unieke en onvervangbare herinneringen. Daarom vinden wij het belangrijk dat je volledig op ons kunt rekenen. 100% zorg voor jouw originele materiaal Kwaliteitsgarantie Niet goed? Wij kijken mee! [&hellip;]<\/p>\n","protected":false},"author":1,"featured_media":0,"parent":0,"menu_order":0,"comment_status":"closed","ping_status":"closed","template":"","meta":{"footnotes":""},"class_list":["post-12","page","type-page","status-publish","hentry"],"yoast_head":"<!-- This site is optimized with the Yoast SEO plugin v26.7 - https:\/\/yoast.com\/wordpress\/plugins\/seo\/ -->\n<title>Onze garantie Digitaliseer.com \u2013 Veilig en professioneel digitaliseren<\/title>\n<meta name=\"description\" content=\"Ontdek de garantie van Digitaliseer.com. Wij digitaliseren jouw 8mm films en videobanden veilig, zorgvuldig en met kwaliteitsgarantie. Vertrouwd en professioneel.\" \/>\n<meta name=\"robots\" content=\"index, follow, max-snippet:-1, max-image-preview:large, max-video-preview:-1\" \/>\n<link rel=\"canonical\" href=\"https:\/\/digitaliseer.com\/index.php\/service-en-garantie\/\" \/>\n<meta property=\"og:locale\" content=\"nl_NL\" \/>\n<meta property=\"og:type\" content=\"article\" \/>\n<meta property=\"og:title\" content=\"Onze garantie Digitaliseer.com \u2013 Veilig en professioneel digitaliseren\" \/>\n<meta property=\"og:description\" content=\"Ontdek de garantie van Digitaliseer.com. Wij digitaliseren jouw 8mm films en videobanden veilig, zorgvuldig en met kwaliteitsgarantie. Vertrouwd en professioneel.\" \/>\n<meta property=\"og:url\" content=\"https:\/\/digitaliseer.com\/index.php\/service-en-garantie\/\" \/>\n<meta property=\"og:site_name\" content=\"Digitaliseer shop\" \/>\n<meta property=\"article:modified_time\" content=\"2025-12-16T12:57:13+00:00\" \/>\n<meta name=\"twitter:card\" content=\"summary_large_image\" \/>\n<meta name=\"twitter:label1\" content=\"Geschatte leestijd\" \/>\n\t<meta name=\"twitter:data1\" content=\"2 minuten\" \/>\n<script type=\"application\/ld+json\" class=\"yoast-schema-graph\">{\"@context\":\"https:\/\/schema.org\",\"@graph\":[{\"@type\":\"WebPage\",\"@id\":\"https:\/\/digitaliseer.com\/index.php\/service-en-garantie\/\",\"url\":\"https:\/\/digitaliseer.com\/index.php\/service-en-garantie\/\",\"name\":\"Onze garantie Digitaliseer.com \u2013 Veilig en professioneel digitaliseren\",\"isPartOf\":{\"@id\":\"https:\/\/digitaliseer.com\/#website\"},\"datePublished\":\"2025-10-02T12:47:35+00:00\",\"dateModified\":\"2025-12-16T12:57:13+00:00\",\"description\":\"Ontdek de garantie van Digitaliseer.com. Wij digitaliseren jouw 8mm films en videobanden veilig, zorgvuldig en met kwaliteitsgarantie. Vertrouwd en professioneel.\",\"breadcrumb\":{\"@id\":\"https:\/\/digitaliseer.com\/index.php\/service-en-garantie\/#breadcrumb\"},\"inLanguage\":\"nl-NL\",\"potentialAction\":[{\"@type\":\"ReadAction\",\"target\":[\"https:\/\/digitaliseer.com\/index.php\/service-en-garantie\/\"]}]},{\"@type\":\"BreadcrumbList\",\"@id\":\"https:\/\/digitaliseer.com\/index.php\/service-en-garantie\/#breadcrumb\",\"itemListElement\":[{\"@type\":\"ListItem\",\"position\":1,\"name\":\"Home\",\"item\":\"https:\/\/digitaliseer.com\/\"},{\"@type\":\"ListItem\",\"position\":2,\"name\":\"Service en garantie\"}]},{\"@type\":\"WebSite\",\"@id\":\"https:\/\/digitaliseer.com\/#website\",\"url\":\"https:\/\/digitaliseer.com\/\",\"name\":\"Digitaliseer shop\",\"description\":\"digitaliseer al uw kostbare filmpjes en verzeker je van eeuwig behoud\",\"potentialAction\":[{\"@type\":\"SearchAction\",\"target\":{\"@type\":\"EntryPoint\",\"urlTemplate\":\"https:\/\/digitaliseer.com\/?s={search_term_string}\"},\"query-input\":{\"@type\":\"PropertyValueSpecification\",\"valueRequired\":true,\"valueName\":\"search_term_string\"}}],\"inLanguage\":\"nl-NL\"}]}<\/script>\n<!-- \/ Yoast SEO plugin. -->","yoast_head_json":{"title":"Onze garantie Digitaliseer.com \u2013 Veilig en professioneel digitaliseren","description":"Ontdek de garantie van Digitaliseer.com. Wij digitaliseren jouw 8mm films en videobanden veilig, zorgvuldig en met kwaliteitsgarantie. Vertrouwd en professioneel.","robots":{"index":"index","follow":"follow","max-snippet":"max-snippet:-1","max-image-preview":"max-image-preview:large","max-video-preview":"max-video-preview:-1"},"canonical":"https:\/\/digitaliseer.com\/index.php\/service-en-garantie\/","og_locale":"nl_NL","og_type":"article","og_title":"Onze garantie Digitaliseer.com \u2013 Veilig en professioneel digitaliseren","og_description":"Ontdek de garantie van Digitaliseer.com. Wij digitaliseren jouw 8mm films en videobanden veilig, zorgvuldig en met kwaliteitsgarantie. Vertrouwd en professioneel.","og_url":"https:\/\/digitaliseer.com\/index.php\/service-en-garantie\/","og_site_name":"Digitaliseer shop","article_modified_time":"2025-12-16T12:57:13+00:00","twitter_card":"summary_large_image","twitter_misc":{"Geschatte leestijd":"2 minuten"},"schema":{"@context":"https:\/\/schema.org","@graph":[{"@type":"WebPage","@id":"https:\/\/digitaliseer.com\/index.php\/service-en-garantie\/","url":"https:\/\/digitaliseer.com\/index.php\/service-en-garantie\/","name":"Onze garantie Digitaliseer.com \u2013 Veilig en professioneel digitaliseren","isPartOf":{"@id":"https:\/\/digitaliseer.com\/#website"},"datePublished":"2025-10-02T12:47:35+00:00","dateModified":"2025-12-16T12:57:13+00:00","description":"Ontdek de garantie van Digitaliseer.com. Wij digitaliseren jouw 8mm films en videobanden veilig, zorgvuldig en met kwaliteitsgarantie. Vertrouwd en professioneel.","breadcrumb":{"@id":"https:\/\/digitaliseer.com\/index.php\/service-en-garantie\/#breadcrumb"},"inLanguage":"nl-NL","potentialAction":[{"@type":"ReadAction","target":["https:\/\/digitaliseer.com\/index.php\/service-en-garantie\/"]}]},{"@type":"BreadcrumbList","@id":"https:\/\/digitaliseer.com\/index.php\/service-en-garantie\/#breadcrumb","itemListElement":[{"@type":"ListItem","position":1,"name":"Home","item":"https:\/\/digitaliseer.com\/"},{"@type":"ListItem","position":2,"name":"Service en garantie"}]},{"@type":"WebSite","@id":"https:\/\/digitaliseer.com\/#website","url":"https:\/\/digitaliseer.com\/","name":"Digitaliseer shop","description":"digitaliseer al uw kostbare filmpjes en verzeker je van eeuwig behoud","potentialAction":[{"@type":"SearchAction","target":{"@type":"EntryPoint","urlTemplate":"https:\/\/digitaliseer.com\/?s={search_term_string}"},"query-input":{"@type":"PropertyValueSpecification","valueRequired":true,"valueName":"search_term_string"}}],"inLanguage":"nl-NL"}]}},"jetpack_sharing_enabled":true,"_links":{"self":[{"href":"https:\/\/digitaliseer.com\/index.php\/wp-json\/wp\/v2\/pages\/12","targetHints":{"allow":["GET"]}}],"collection":[{"href":"https:\/\/digitaliseer.com\/index.php\/wp-json\/wp\/v2\/pages"}],"about":[{"href":"https:\/\/digitaliseer.com\/index.php\/wp-json\/wp\/v2\/types\/page"}],"author":[{"embeddable":true,"href":"https:\/\/digitaliseer.com\/index.php\/wp-json\/wp\/v2\/users\/1"}],"replies":[{"embeddable":true,"href":"https:\/\/digitaliseer.com\/index.php\/wp-json\/wp\/v2\/comments?post=12"}],"version-history":[{"count":5,"href":"https:\/\/digitaliseer.com\/index.php\/wp-json\/wp\/v2\/pages\/12\/revisions"}],"predecessor-version":[{"id":317,"href":"https:\/\/digitaliseer.com\/index.php\/wp-json\/wp\/v2\/pages\/12\/revisions\/317"}],"wp:attachment":[{"href":"https:\/\/digitaliseer.com\/index.php\/wp-json\/wp\/v2\/media?parent=12"}],"curies":[{"name":"wp","href":"https:\/\/api.w.org\/{rel}","templated":true}]}}